{"id":2962,"date":"2024-05-15T10:26:54","date_gmt":"2024-05-15T08:26:54","guid":{"rendered":"https:\/\/olotbarbershop.com\/politica-de-venta\/"},"modified":"2025-04-10T13:45:05","modified_gmt":"2025-04-10T11:45:05","slug":"politica-de-venta","status":"publish","type":"page","link":"https:\/\/olotbarbershop.com\/es\/politica-de-venta\/","title":{"rendered":"Pol\u00edtica de venta"},"content":{"rendered":"\t\t<div data-elementor-type=\"wp-page\" data-elementor-id=\"2962\" class=\"elementor elementor-2962 elementor-2665\" data-elementor-post-type=\"page\">\n\t\t\t\t\t\t<section data-particle_enable=\"false\" data-particle-mobile-disabled=\"false\" class=\"elementor-section elementor-top-section elementor-element elementor-element-2f60c9e elementor-section-full_width elementor-section-height-default elementor-section-height-default\" data-id=\"2f60c9e\" data-element_type=\"section\" data-e-type=\"section\">\n\t\t\t\t\t\t<div class=\"elementor-container elementor-column-gap-default\">\n\t\t\t\t\t<div class=\"elementor-column elementor-col-16 elementor-top-column elementor-element elementor-element-58944f4\" data-id=\"58944f4\" data-element_type=\"column\" data-e-type=\"column\">\n\t\t\t<div class=\"elementor-widget-wrap\">\n\t\t\t\t\t\t\t<\/div>\n\t\t<\/div>\n\t\t\t\t<div class=\"elementor-column elementor-col-66 elementor-top-column elementor-element elementor-element-d2b5297\" data-id=\"d2b5297\" data-element_type=\"column\" data-e-type=\"column\">\n\t\t\t<div class=\"elementor-widget-wrap elementor-element-populated\">\n\t\t\t\t\t\t<div class=\"elementor-element elementor-element-ad230f3 elementor-widget elementor-widget-heading\" data-id=\"ad230f3\" data-element_type=\"widget\" data-e-type=\"widget\" data-widget_type=\"heading.default\">\n\t\t\t\t<div class=\"elementor-widget-container\">\n\t\t\t\t\t<h2 class=\"elementor-heading-title elementor-size-default\">POL\u00cdTICA DE VENTA<\/h2>\t\t\t\t<\/div>\n\t\t\t\t<\/div>\n\t\t\t\t<div class=\"elementor-element elementor-element-87143de elementor-widget elementor-widget-spacer\" data-id=\"87143de\" data-element_type=\"widget\" data-e-type=\"widget\" data-widget_type=\"spacer.default\">\n\t\t\t\t<div class=\"elementor-widget-container\">\n\t\t\t\t\t\t\t<div class=\"elementor-spacer\">\n\t\t\t<div class=\"elementor-spacer-inner\"><\/div>\n\t\t<\/div>\n\t\t\t\t\t\t<\/div>\n\t\t\t\t<\/div>\n\t\t\t\t<div class=\"elementor-element elementor-element-7ad100e elementor-widget elementor-widget-text-editor\" data-id=\"7ad100e\" data-element_type=\"widget\" data-e-type=\"widget\" data-widget_type=\"text-editor.default\">\n\t\t\t\t<div class=\"elementor-widget-container\">\n\t\t\t\t\t\t\t\t\t<p><b>Con el fin de dar cumplimiento al art\u00edculo 10 de la Ley 34\/2002 de Servicios de la Sociedad de la Informaci\u00f3n y Comercio Electr\u00f3nico, informamos al usuario de nuestros datos:<\/b><\/p><p><u>Nombre comercial<\/u>: OLOT BARBERSHOP<\/p><p><u>Domicilio social<\/u>: PASEO MIQUEL BLAY, 58, OLOT<\/p><p><u>Tel\u00e9fono<\/u>: 872 091 211<\/p><p><u>Email<\/u>: unic@olotbarbershop.com<\/p><p><u>P\u00e1gina web<\/u>: www.olotbarbershop.com<\/p>\t\t\t\t\t\t\t\t<\/div>\n\t\t\t\t<\/div>\n\t\t\t\t<div class=\"elementor-element elementor-element-b562e72 elementor-widget elementor-widget-spacer\" data-id=\"b562e72\" data-element_type=\"widget\" data-e-type=\"widget\" data-widget_type=\"spacer.default\">\n\t\t\t\t<div class=\"elementor-widget-container\">\n\t\t\t\t\t\t\t<div class=\"elementor-spacer\">\n\t\t\t<div class=\"elementor-spacer-inner\"><\/div>\n\t\t<\/div>\n\t\t\t\t\t\t<\/div>\n\t\t\t\t<\/div>\n\t\t\t\t<div class=\"elementor-element elementor-element-ee39ba8 elementor-widget__width-initial elementor-widget elementor-widget-text-editor\" data-id=\"ee39ba8\" data-element_type=\"widget\" data-e-type=\"widget\" data-widget_type=\"text-editor.default\">\n\t\t\t\t<div class=\"elementor-widget-container\">\n\t\t\t\t\t\t\t\t\t<p><b>CANCELACIONES<\/b><\/p>\n<p>La cancelaci\u00f3n o aplazamiento de una cita ya reservada debe realizarse con un <b>m\u00ednimo de 24 horas de antelaci\u00f3n<\/b> a la sesi\u00f3n para poder reorganizar la agenda con el suficiente margen de tiempo sin que ocasione un perjuicio ni al tiempo del profesional, ni al resto de clientes.<\/p>\n<p>A la hora de realizar un cambio o cancelaci\u00f3n de cita se diferenciar\u00e1n los siguientes 2 supuestos:<\/p>\n<ul>\n<li><span style=\"font-family: var( --e-global-typography-text-font-family ), Sans-serif; font-size: 1rem;\"><b>Cita sin dep\u00f3sito de reserva o sin pago anticipado<\/b> . Este tipo de cita no tiene penalizaci\u00f3n por \u201cCancelaci\u00f3n Tardana\u201d. Sin embargo, si usted cancela de forma tard\u00eda 2 veces consecutivas el centro se reserva el derecho de no ofrecer \u201cnuevas citas\u201d sin pago anticipado.<\/span><br><\/li>\n<li><span style=\"font-family: var( --e-global-typography-text-font-family ), Sans-serif; font-size: 1rem;\"><b>Cita con dep\u00f3sito abonado, pago anticipado o sesi\u00f3n de bono disponible<\/b> . Este tipo de cita podr\u00e1 modificarse y cancelarse por tel\u00e9fono de forma anticipada si se realiza dentro del plazo de \u201ccancelaci\u00f3n temprana\u201d (por tel\u00e9fono al menos 24 horas h\u00e1biles, a trav\u00e9s de la WEB\/APP al menos 48 horas antes).<\/span><br><\/li>\n<\/ul>\n<p><br><\/p><p>En caso de Cancelaci\u00f3n Tardana, el sistema cambia de forma autom\u00e1tica el servicio abonado de forma anticipada, de igual modo para sesiones de bono disponibles en la cuenta del cliente.<\/p>\n<p><br><\/p>\n<p><b>RECORDATORIOS Y SOLICITUD DE CONFIRMACI\u00d3N DE CITA<\/b><\/p>\n<p>Generalmente nuestro sistema le enviar\u00e1 un mensaje recordatorio de su cita 24 horas antes de su cita programada, a trav\u00e9s de Email, SMS o ambos.<\/p>\n<p><br><\/p>\n<p><b>RETRASOS<\/b><\/p>\n<p>Los retrasos afectan directamente a la planificaci\u00f3n de nuestras agendas y comprometen la calidad del resultado, por lo que se contemplan los siguientes supuestos y c\u00f3mo \u00e9stos afectan a cada una de las partes implicadas en el tratamiento.<\/p>\n<p><b>Retraso por parte del cliente:<\/b><\/p>\n<p>Se podr\u00e1 admitir un retraso m\u00e1ximo de 5 minutos sin que esto ocasione un perjuicio considerando \u00e9ste como un per\u00edodo de gracia\u201d, no obstante si se prev\u00e9 este retraso ser\u00e1 necesario notificarlo por tel\u00e9fono o WhatsApp antes de que se cancele el servicio de forma tard\u00eda por no \u201cpresentaci\u00f3n del cliente\u201d.<\/p>\n<p>Si el tiempo de retraso supera los 5 minutos, Olot Barbershop podr\u00e1 determinar que es un tiempo insuficiente para la realizaci\u00f3n del tratamiento, depender\u00e1 del tratamiento. En algunos casos podr\u00e1 realizarse, pero el resultado podr\u00e1 estar comprometido. El cliente lo acepta, a\u00fan as\u00ed decide someterse al tratamiento sin derecho a reclamar.<\/p>\n<p><b>Retraso por parte del\/la especialista \/ Centro:<\/b><\/p>\n<p>El centro podr\u00e1 retrasarse hasta 15 minutos sin que esto ocasione un perjuicio al cliente, entendi\u00e9ndose \u00e9ste como un \u201cperiodo de gracia\u201d.<\/p>\t\t\t\t\t\t\t\t<\/div>\n\t\t\t\t<\/div>\n\t\t\t\t<div class=\"elementor-element elementor-element-24c2faa elementor-widget elementor-widget-spacer\" data-id=\"24c2faa\" data-element_type=\"widget\" data-e-type=\"widget\" data-widget_type=\"spacer.default\">\n\t\t\t\t<div class=\"elementor-widget-container\">\n\t\t\t\t\t\t\t<div class=\"elementor-spacer\">\n\t\t\t<div class=\"elementor-spacer-inner\"><\/div>\n\t\t<\/div>\n\t\t\t\t\t\t<\/div>\n\t\t\t\t<\/div>\n\t\t\t\t\t<\/div>\n\t\t<\/div>\n\t\t\t\t<div class=\"elementor-column elementor-col-16 elementor-top-column elementor-element elementor-element-2987d70\" data-id=\"2987d70\" data-element_type=\"column\" data-e-type=\"column\">\n\t\t\t<div class=\"elementor-widget-wrap\">\n\t\t\t\t\t\t\t<\/div>\n\t\t<\/div>\n\t\t\t\t\t<\/div>\n\t\t<\/section>\n\t\t\t\t<\/div>\n\t\t","protected":false},"excerpt":{"rendered":"<p>POL\u00cdTICA DE VENTA Con el fin de dar cumplimiento al art\u00edculo 10 de la Ley 34\/2002 de Servicios de la Sociedad de la Informaci\u00f3n y Comercio Electr\u00f3nico, informamos al usuario de nuestros datos: Nombre comercial: OLOT BARBERSHOP Domicilio social: PASEO MIQUEL BLAY, 58, OLOT Tel\u00e9fono: 872 091 211 Email: unic@olotbarbershop.com P\u00e1gina web: www.olotbarbershop.com CANCELACIONES La [&hellip;]<\/p>\n","protected":false},"author":1,"featured_media":3193,"parent":0,"menu_order":0,"comment_status":"closed","ping_status":"closed","template":"","meta":{"footnotes":""},"class_list":["post-2962","page","type-page","status-publish","has-post-thumbnail","hentry"],"yoast_head":"<!-- This site is optimized with the Yoast SEO plugin v27.6 - https:\/\/yoast.com\/product\/yoast-seo-wordpress\/ -->\n<title>Pol\u00edtica de venta - Olot Barbershop<\/title>\n<meta name=\"description\" content=\"Consulta la pol\u00edtica de venta de Olot Barbershop: condiciones de compra, cancelaci\u00f3n y reembolso de nuestros servicios.\" \/>\n<meta name=\"robots\" content=\"index, follow, max-snippet:-1, max-image-preview:large, max-video-preview:-1\" \/>\n<link rel=\"canonical\" href=\"https:\/\/olotbarbershop.com\/es\/politica-de-venta\/\" \/>\n<meta property=\"og:locale\" content=\"es_ES\" \/>\n<meta property=\"og:type\" content=\"article\" \/>\n<meta property=\"og:title\" content=\"Pol\u00edtica de venta - Olot Barbershop\" \/>\n<meta property=\"og:description\" content=\"Consulta la pol\u00edtica de venta de Olot Barbershop: condiciones de compra, cancelaci\u00f3n y reembolso de nuestros servicios.\" \/>\n<meta property=\"og:url\" content=\"https:\/\/olotbarbershop.com\/es\/politica-de-venta\/\" \/>\n<meta property=\"og:site_name\" content=\"Olot Barbershop\" \/>\n<meta property=\"article:modified_time\" content=\"2025-04-10T11:45:05+00:00\" \/>\n<meta property=\"og:image\" content=\"https:\/\/olotbarbershop.com\/wp-content\/uploads\/2024\/10\/logo600.webp\" \/>\n\t<meta property=\"og:image:width\" content=\"600\" \/>\n\t<meta property=\"og:image:height\" content=\"738\" \/>\n\t<meta property=\"og:image:type\" content=\"image\/webp\" \/>\n<meta name=\"twitter:card\" content=\"summary_large_image\" \/>\n<meta name=\"twitter:label1\" content=\"Tiempo de lectura\" \/>\n\t<meta name=\"twitter:data1\" content=\"2 minutos\" \/>\n<script type=\"application\/ld+json\" class=\"yoast-schema-graph\">{\"@context\":\"https:\\\/\\\/schema.org\",\"@graph\":[{\"@type\":\"WebPage\",\"@id\":\"https:\\\/\\\/olotbarbershop.com\\\/es\\\/politica-de-venta\\\/\",\"url\":\"https:\\\/\\\/olotbarbershop.com\\\/es\\\/politica-de-venta\\\/\",\"name\":\"Pol\u00edtica de venta - Olot Barbershop\",\"isPartOf\":{\"@id\":\"https:\\\/\\\/olotbarbershop.com\\\/es\\\/#website\"},\"primaryImageOfPage\":{\"@id\":\"https:\\\/\\\/olotbarbershop.com\\\/es\\\/politica-de-venta\\\/#primaryimage\"},\"image\":{\"@id\":\"https:\\\/\\\/olotbarbershop.com\\\/es\\\/politica-de-venta\\\/#primaryimage\"},\"thumbnailUrl\":\"https:\\\/\\\/olotbarbershop.com\\\/wp-content\\\/uploads\\\/2024\\\/10\\\/logo600.webp\",\"datePublished\":\"2024-05-15T08:26:54+00:00\",\"dateModified\":\"2025-04-10T11:45:05+00:00\",\"description\":\"Consulta la pol\u00edtica de venta de Olot Barbershop: condiciones de compra, cancelaci\u00f3n y reembolso de nuestros servicios.\",\"breadcrumb\":{\"@id\":\"https:\\\/\\\/olotbarbershop.com\\\/es\\\/politica-de-venta\\\/#breadcrumb\"},\"inLanguage\":\"es\",\"potentialAction\":[{\"@type\":\"ReadAction\",\"target\":[\"https:\\\/\\\/olotbarbershop.com\\\/es\\\/politica-de-venta\\\/\"]}]},{\"@type\":\"ImageObject\",\"inLanguage\":\"es\",\"@id\":\"https:\\\/\\\/olotbarbershop.com\\\/es\\\/politica-de-venta\\\/#primaryimage\",\"url\":\"https:\\\/\\\/olotbarbershop.com\\\/wp-content\\\/uploads\\\/2024\\\/10\\\/logo600.webp\",\"contentUrl\":\"https:\\\/\\\/olotbarbershop.com\\\/wp-content\\\/uploads\\\/2024\\\/10\\\/logo600.webp\",\"width\":600,\"height\":738,\"caption\":\"El gegant d'Olot forma part del logotip d'Olot Barbershop\"},{\"@type\":\"BreadcrumbList\",\"@id\":\"https:\\\/\\\/olotbarbershop.com\\\/es\\\/politica-de-venta\\\/#breadcrumb\",\"itemListElement\":[{\"@type\":\"ListItem\",\"position\":1,\"name\":\"Inici\",\"item\":\"https:\\\/\\\/olotbarbershop.com\\\/es\\\/inicio\\\/\"},{\"@type\":\"ListItem\",\"position\":2,\"name\":\"Pol\u00edtica de venta\"}]},{\"@type\":\"WebSite\",\"@id\":\"https:\\\/\\\/olotbarbershop.com\\\/es\\\/#website\",\"url\":\"https:\\\/\\\/olotbarbershop.com\\\/es\\\/\",\"name\":\"Olot Barbershop\",\"description\":\"La Teva Barberia d&#039;Olot, amb un toc \u00fanic\",\"publisher\":{\"@id\":\"https:\\\/\\\/olotbarbershop.com\\\/es\\\/#organization\"},\"potentialAction\":[{\"@type\":\"SearchAction\",\"target\":{\"@type\":\"EntryPoint\",\"urlTemplate\":\"https:\\\/\\\/olotbarbershop.com\\\/es\\\/?s={search_term_string}\"},\"query-input\":{\"@type\":\"PropertyValueSpecification\",\"valueRequired\":true,\"valueName\":\"search_term_string\"}}],\"inLanguage\":\"es\"},{\"@type\":\"Organization\",\"@id\":\"https:\\\/\\\/olotbarbershop.com\\\/es\\\/#organization\",\"name\":\"Olot Barbershop\",\"url\":\"https:\\\/\\\/olotbarbershop.com\\\/es\\\/\",\"logo\":{\"@type\":\"ImageObject\",\"inLanguage\":\"es\",\"@id\":\"https:\\\/\\\/olotbarbershop.com\\\/es\\\/#\\\/schema\\\/logo\\\/image\\\/\",\"url\":\"https:\\\/\\\/olotbarbershop.com\\\/wp-content\\\/uploads\\\/2022\\\/04\\\/logo600.png\",\"contentUrl\":\"https:\\\/\\\/olotbarbershop.com\\\/wp-content\\\/uploads\\\/2022\\\/04\\\/logo600.png\",\"width\":600,\"height\":738,\"caption\":\"Olot Barbershop\"},\"image\":{\"@id\":\"https:\\\/\\\/olotbarbershop.com\\\/es\\\/#\\\/schema\\\/logo\\\/image\\\/\"},\"sameAs\":[\"https:\\\/\\\/www.instagram.com\\\/olotbarbershop\\\/\"]}]}<\/script>\n<!-- \/ Yoast SEO plugin. -->","yoast_head_json":{"title":"Pol\u00edtica de venta - Olot Barbershop","description":"Consulta la pol\u00edtica de venta de Olot Barbershop: condiciones de compra, cancelaci\u00f3n y reembolso de nuestros servicios.","robots":{"index":"index","follow":"follow","max-snippet":"max-snippet:-1","max-image-preview":"max-image-preview:large","max-video-preview":"max-video-preview:-1"},"canonical":"https:\/\/olotbarbershop.com\/es\/politica-de-venta\/","og_locale":"es_ES","og_type":"article","og_title":"Pol\u00edtica de venta - Olot Barbershop","og_description":"Consulta la pol\u00edtica de venta de Olot Barbershop: condiciones de compra, cancelaci\u00f3n y reembolso de nuestros servicios.","og_url":"https:\/\/olotbarbershop.com\/es\/politica-de-venta\/","og_site_name":"Olot Barbershop","article_modified_time":"2025-04-10T11:45:05+00:00","og_image":[{"width":600,"height":738,"url":"https:\/\/olotbarbershop.com\/wp-content\/uploads\/2024\/10\/logo600.webp","type":"image\/webp"}],"twitter_card":"summary_large_image","twitter_misc":{"Tiempo de lectura":"2 minutos"},"schema":{"@context":"https:\/\/schema.org","@graph":[{"@type":"WebPage","@id":"https:\/\/olotbarbershop.com\/es\/politica-de-venta\/","url":"https:\/\/olotbarbershop.com\/es\/politica-de-venta\/","name":"Pol\u00edtica de venta - Olot Barbershop","isPartOf":{"@id":"https:\/\/olotbarbershop.com\/es\/#website"},"primaryImageOfPage":{"@id":"https:\/\/olotbarbershop.com\/es\/politica-de-venta\/#primaryimage"},"image":{"@id":"https:\/\/olotbarbershop.com\/es\/politica-de-venta\/#primaryimage"},"thumbnailUrl":"https:\/\/olotbarbershop.com\/wp-content\/uploads\/2024\/10\/logo600.webp","datePublished":"2024-05-15T08:26:54+00:00","dateModified":"2025-04-10T11:45:05+00:00","description":"Consulta la pol\u00edtica de venta de Olot Barbershop: condiciones de compra, cancelaci\u00f3n y reembolso de nuestros servicios.","breadcrumb":{"@id":"https:\/\/olotbarbershop.com\/es\/politica-de-venta\/#breadcrumb"},"inLanguage":"es","potentialAction":[{"@type":"ReadAction","target":["https:\/\/olotbarbershop.com\/es\/politica-de-venta\/"]}]},{"@type":"ImageObject","inLanguage":"es","@id":"https:\/\/olotbarbershop.com\/es\/politica-de-venta\/#primaryimage","url":"https:\/\/olotbarbershop.com\/wp-content\/uploads\/2024\/10\/logo600.webp","contentUrl":"https:\/\/olotbarbershop.com\/wp-content\/uploads\/2024\/10\/logo600.webp","width":600,"height":738,"caption":"El gegant d'Olot forma part del logotip d'Olot Barbershop"},{"@type":"BreadcrumbList","@id":"https:\/\/olotbarbershop.com\/es\/politica-de-venta\/#breadcrumb","itemListElement":[{"@type":"ListItem","position":1,"name":"Inici","item":"https:\/\/olotbarbershop.com\/es\/inicio\/"},{"@type":"ListItem","position":2,"name":"Pol\u00edtica de venta"}]},{"@type":"WebSite","@id":"https:\/\/olotbarbershop.com\/es\/#website","url":"https:\/\/olotbarbershop.com\/es\/","name":"Olot Barbershop","description":"La Teva Barberia d&#039;Olot, amb un toc \u00fanic","publisher":{"@id":"https:\/\/olotbarbershop.com\/es\/#organization"},"potentialAction":[{"@type":"SearchAction","target":{"@type":"EntryPoint","urlTemplate":"https:\/\/olotbarbershop.com\/es\/?s={search_term_string}"},"query-input":{"@type":"PropertyValueSpecification","valueRequired":true,"valueName":"search_term_string"}}],"inLanguage":"es"},{"@type":"Organization","@id":"https:\/\/olotbarbershop.com\/es\/#organization","name":"Olot Barbershop","url":"https:\/\/olotbarbershop.com\/es\/","logo":{"@type":"ImageObject","inLanguage":"es","@id":"https:\/\/olotbarbershop.com\/es\/#\/schema\/logo\/image\/","url":"https:\/\/olotbarbershop.com\/wp-content\/uploads\/2022\/04\/logo600.png","contentUrl":"https:\/\/olotbarbershop.com\/wp-content\/uploads\/2022\/04\/logo600.png","width":600,"height":738,"caption":"Olot Barbershop"},"image":{"@id":"https:\/\/olotbarbershop.com\/es\/#\/schema\/logo\/image\/"},"sameAs":["https:\/\/www.instagram.com\/olotbarbershop\/"]}]}},"_links":{"self":[{"href":"https:\/\/olotbarbershop.com\/es\/wp-json\/wp\/v2\/pages\/2962","targetHints":{"allow":["GET"]}}],"collection":[{"href":"https:\/\/olotbarbershop.com\/es\/wp-json\/wp\/v2\/pages"}],"about":[{"href":"https:\/\/olotbarbershop.com\/es\/wp-json\/wp\/v2\/types\/page"}],"author":[{"embeddable":true,"href":"https:\/\/olotbarbershop.com\/es\/wp-json\/wp\/v2\/users\/1"}],"replies":[{"embeddable":true,"href":"https:\/\/olotbarbershop.com\/es\/wp-json\/wp\/v2\/comments?post=2962"}],"version-history":[{"count":3,"href":"https:\/\/olotbarbershop.com\/es\/wp-json\/wp\/v2\/pages\/2962\/revisions"}],"predecessor-version":[{"id":3251,"href":"https:\/\/olotbarbershop.com\/es\/wp-json\/wp\/v2\/pages\/2962\/revisions\/3251"}],"wp:featuredmedia":[{"embeddable":true,"href":"https:\/\/olotbarbershop.com\/es\/wp-json\/wp\/v2\/media\/3193"}],"wp:attachment":[{"href":"https:\/\/olotbarbershop.com\/es\/wp-json\/wp\/v2\/media?parent=2962"}],"curies":[{"name":"wp","href":"https:\/\/api.w.org\/{rel}","templated":true}]}}