{"id":2958,"date":"2024-05-15T10:16:08","date_gmt":"2024-05-15T08:16:08","guid":{"rendered":"https:\/\/olotbarbershop.com\/politica-de-privacidad\/"},"modified":"2025-04-10T13:44:27","modified_gmt":"2025-04-10T11:44:27","slug":"politica-de-privacidad","status":"publish","type":"page","link":"https:\/\/olotbarbershop.com\/es\/politica-de-privacidad\/","title":{"rendered":"Pol\u00edtica de privacidad"},"content":{"rendered":"\t\t<div data-elementor-type=\"wp-page\" data-elementor-id=\"2958\" class=\"elementor elementor-2958 elementor-2652\" data-elementor-post-type=\"page\">\n\t\t\t\t\t\t<section data-particle_enable=\"false\" data-particle-mobile-disabled=\"false\" class=\"elementor-section elementor-top-section elementor-element elementor-element-2f60c9e elementor-section-full_width elementor-section-height-default elementor-section-height-default\" data-id=\"2f60c9e\" data-element_type=\"section\" data-e-type=\"section\">\n\t\t\t\t\t\t<div class=\"elementor-container elementor-column-gap-default\">\n\t\t\t\t\t<div class=\"elementor-column elementor-col-16 elementor-top-column elementor-element elementor-element-58944f4\" data-id=\"58944f4\" data-element_type=\"column\" data-e-type=\"column\">\n\t\t\t<div class=\"elementor-widget-wrap\">\n\t\t\t\t\t\t\t<\/div>\n\t\t<\/div>\n\t\t\t\t<div class=\"elementor-column elementor-col-66 elementor-top-column elementor-element elementor-element-d2b5297\" data-id=\"d2b5297\" data-element_type=\"column\" data-e-type=\"column\">\n\t\t\t<div class=\"elementor-widget-wrap elementor-element-populated\">\n\t\t\t\t\t\t<div class=\"elementor-element elementor-element-ad230f3 elementor-widget elementor-widget-heading\" data-id=\"ad230f3\" data-element_type=\"widget\" data-e-type=\"widget\" data-widget_type=\"heading.default\">\n\t\t\t\t<div class=\"elementor-widget-container\">\n\t\t\t\t\t<h2 class=\"elementor-heading-title elementor-size-default\">POL\u00cdTICA DE PRIVACIDAD<\/h2>\t\t\t\t<\/div>\n\t\t\t\t<\/div>\n\t\t\t\t<div class=\"elementor-element elementor-element-87143de elementor-widget elementor-widget-spacer\" data-id=\"87143de\" data-element_type=\"widget\" data-e-type=\"widget\" data-widget_type=\"spacer.default\">\n\t\t\t\t<div class=\"elementor-widget-container\">\n\t\t\t\t\t\t\t<div class=\"elementor-spacer\">\n\t\t\t<div class=\"elementor-spacer-inner\"><\/div>\n\t\t<\/div>\n\t\t\t\t\t\t<\/div>\n\t\t\t\t<\/div>\n\t\t\t\t<div class=\"elementor-element elementor-element-7ad100e elementor-widget elementor-widget-text-editor\" data-id=\"7ad100e\" data-element_type=\"widget\" data-e-type=\"widget\" data-widget_type=\"text-editor.default\">\n\t\t\t\t<div class=\"elementor-widget-container\">\n\t\t\t\t\t\t\t\t\t<p><b>Con el fin de dar cumplimiento al art\u00edculo 10 de la Ley 34\/2002 de Servicios de la Sociedad de la Informaci\u00f3n y Comercio Electr\u00f3nico, informamos al usuario de nuestros datos:<\/b><\/p><p><u>Nombre comercial<\/u>: OLOT BARBERSHOP<\/p><p><u>Domicilio social<\/u>: PASEO MIQUEL BLAY, 58, OLOT<\/p><p><u>Tel\u00e9fono<\/u>: 872 091 211<\/p><p><u>Email<\/u>: unic@olotbarbershop.com<\/p><p><u>P\u00e1gina web<\/u>: www.olotbarbershop.com<\/p>\t\t\t\t\t\t\t\t<\/div>\n\t\t\t\t<\/div>\n\t\t\t\t<div class=\"elementor-element elementor-element-b562e72 elementor-widget elementor-widget-spacer\" data-id=\"b562e72\" data-element_type=\"widget\" data-e-type=\"widget\" data-widget_type=\"spacer.default\">\n\t\t\t\t<div class=\"elementor-widget-container\">\n\t\t\t\t\t\t\t<div class=\"elementor-spacer\">\n\t\t\t<div class=\"elementor-spacer-inner\"><\/div>\n\t\t<\/div>\n\t\t\t\t\t\t<\/div>\n\t\t\t\t<\/div>\n\t\t\t\t<div class=\"elementor-element elementor-element-ee39ba8 elementor-widget__width-initial elementor-widget elementor-widget-text-editor\" data-id=\"ee39ba8\" data-element_type=\"widget\" data-e-type=\"widget\" data-widget_type=\"text-editor.default\">\n\t\t\t\t<div class=\"elementor-widget-container\">\n\t\t\t\t\t\t\t\t\t<p><strong>1. RESPONSABLE DEL TRATAMIENTO<\/strong><\/p><p>OLOT BARBERSHOP (en adelante, el \u201cResponsable\u201d).<\/p><p><strong>1.1. Normativa aplicable<span class=\"Apple-converted-space\"> <\/span><\/strong><\/p><p>Nuestra Pol\u00edtica de Privacidad se ha dise\u00f1ado de acuerdo con el Reglamento General de Protecci\u00f3n de Datos de la UE 2016\/679 del Parlamento Europeo y del Consejo, de 27 de abril de 2016, relativo a la protecci\u00f3n de las personas f\u00edsicas por el con respecto al tratamiento de datos personales ya la libre circulaci\u00f3n de estos datos y por el que se deroga la Directiva 95\/46\/CE (Reglamento general de protecci\u00f3n de datos), y la Ley org\u00e1nica 3\/2018 de 5 de diciembre, de Protecci\u00f3n de Datos de Car\u00e1cter Personal y Garant\u00eda de los Derechos Digitales.<span class=\"Apple-converted-space\"> <\/span><\/p><p>Al facilitarnos sus datos, Usted declara haber le\u00eddo y conocer la presente Pol\u00edtica de Privacidad, prestando su consentimiento inequ\u00edvoco y expreso al tratamiento de sus datos personales de acuerdo con las finalidades y t\u00e9rminos aqu\u00ed expresados.<span class=\"Apple-converted-space\"> <\/span><\/p><p>La Empresa podr\u00e1 modificar la presente Pol\u00edtica de Privacidad para adaptarla a las novedades legislativas, jurisprudenciales o de interpretaci\u00f3n de la Agencia Espa\u00f1ola de Protecci\u00f3n de Datos. Estas condiciones de privacidad podr\u00e1n ser complementadas por el Aviso Legal, Pol\u00edtica de Cookies y las Condiciones Generales que, en su caso, se recojan para determinados productos o servicios, si dicho acceso supone alguna especialidad en materia de protecci\u00f3n de datos de car\u00e1cter personal.<span class=\"Apple-converted-space\"> <\/span><\/p><p><strong>1.2. Responsable de protecci\u00f3n de datos<\/strong><\/p><p>Olot Barbershop.<\/p><p><strong> <\/strong><\/p><p><strong>2. FINALIDAD DEL TRATAMIENTO DE LOS DATOS PERSONALES<span class=\"Apple-converted-space\"> <\/span><\/strong><\/p><p>El tratamiento que realizamos de sus datos personales responde a las siguientes finalidades:<span class=\"Apple-converted-space\"> <\/span><\/p><ul><li>Proporcionarle informaci\u00f3n relacionada con los productos y servicios que ofrece nuestra empresa y que detallan en este sitio web.<\/li><li>Realizar la contrataci\u00f3n de nuestros servicios mediante la aceptaci\u00f3n del correspondiente presupuesto\/pedido y\/o la firma de un contrato mercantil.<span class=\"Apple-converted-space\"> <\/span><\/li><li>Enviarle por correo electr\u00f3nico y\/o postal las noticias y novedades sobre nuestra entidad, as\u00ed como las actualizaciones de nuestro cat\u00e1logo de productos y servicios.<\/li><\/ul><p><strong style=\"font-family: var( --e-global-typography-text-font-family ), Sans-serif; font-size: 1rem;\">2.1. Plazo de Conservaci\u00f3n de sus datos <\/strong><\/p><p>Conservaremos sus datos personales desde que nos d\u00e9 su consentimiento hasta que lo revoque o solicite la limitaci\u00f3n del tratamiento. En tales casos, mantendremos sus datos de forma bloqueada durante los plazos legalmente exigidos.<span class=\"Apple-converted-space\"> <\/span><\/p><p><strong> <\/strong><\/p><p><strong>3. LEGITIMACI\u00d3N Y DATOS RECAUDADOS<span class=\"Apple-converted-space\"> <\/span><\/strong><\/p><p>La legitimaci\u00f3n para el tratamiento de sus datos es el consentimiento expreso otorgado mediante un acto positivo y afirmativo (rellenar el formulario correspondiente y marcar la casilla de aceptaci\u00f3n de esta pol\u00edtica) en el momento de facilitarnos sus datos personales.<span class=\"Apple-converted-space\"> <\/span><\/p><p><strong>3.1. Consentimiento para tratar sus datos<span class=\"Apple-converted-space\"> <\/span><\/strong><\/p><p>Al rellenar los formularios, marcar la casilla \u201cAcepto la Pol\u00edtica de Privacidad\u201d y hacer clic para enviar los datos, o al remitir correos electr\u00f3nicos a la Empresa a trav\u00e9s de las cuentas habilitadas al efecto, el Usuario manifiesta haber le\u00eddo y aceptado expresamente la presente pol\u00edtica de privacidad, otorgando su consentimiento inequ\u00edvoco y expreso al tratamiento de sus datos personales conforme a los fines indicados.<span class=\"Apple-converted-space\"> <\/span><\/p><p><strong>3.2. Categor\u00edas de datos<span class=\"Apple-converted-space\"> <\/span><\/strong><\/p><p>Los datos recabados se refieren a la categor\u00eda de datos identificativos, como pueden ser: Nombre y Apellidos, Tel\u00e9fono, Direcci\u00f3n Postal, Empresa, Correo electr\u00f3nico, as\u00ed como la direcci\u00f3n IP desde donde accede al formulario de recogida de datos.<\/p><p><strong> <\/strong><\/p><p><strong>4. MEDIDAS DE SEGURIDAD<span class=\"Apple-converted-space\"> <\/span><\/strong><\/p><p>Dentro de nuestro compromiso por garantizar la seguridad y confidencialidad de sus datos de car\u00e1cter personal, le informamos que se han adoptado las medidas de \u00edndole t\u00e9cnica y organizativas necesarias para garantizar la seguridad de los datos de car\u00e1cter personal y evitar su alteraci\u00f3n, p\u00e9rdida, tratamiento o acceso no autorizado, teniendo en cuenta del estado de la tecnolog\u00eda, la naturaleza de los datos almacenados y los riesgos a que est\u00e9n expuestos, seg\u00fan el art. 32 del RGPD EU 679\/2016.<\/p><p><strong> <\/strong><\/p><p><strong>5. CESI\u00d3N DE DATOS<span class=\"Apple-converted-space\"> <\/span><\/strong><\/p><p>No se prev\u00e9n cesiones de datos ni transferencias internacionales de sus datos, con excepci\u00f3n de las autorizadas por la legislaci\u00f3n fiscal, mercantil y de telecomunicaciones as\u00ed como en aquellos casos en los que una autoridad judicial nos lo requiera.<\/p><p><strong> <\/strong><\/p><p><strong>6. DERECHOS DEL USUARIO<span class=\"Apple-converted-space\"> <\/span><\/strong><\/p><p>Cualquier interesado tiene derecho a obtener confirmaci\u00f3n sobre si estamos tratando datos personales que le conciernan, o no. Los interesados \u200b\u200btienen derecho a acceder a sus datos personales, as\u00ed como a solicitar la rectificaci\u00f3n de los datos inexactos o, en su caso, solicitar su supresi\u00f3n cuando, entre otros motivos, los datos ya no sean necesarios para los fines que fueron recogidos. En determinadas circunstancias, los interesados \u200b\u200bpodr\u00e1n solicitar la limitaci\u00f3n del tratamiento de sus datos, en cuyo caso \u00fanicamente los conservaremos para el ejercicio o la defensa de reclamaciones. Por motivos relacionados con su situaci\u00f3n particular, los interesados \u200b\u200bpodr\u00e1n oponerse al tratamiento de sus datos. El Responsable del fichero dejar\u00e1 de tratar los datos, salvo por motivos imperiosos leg\u00edtimos, o el ejercicio o la defensa de posibles reclamaciones.<\/p><p>De acuerdo con la legislaci\u00f3n vigente tiene los siguientes derechos: derecho a solicitar el acceso a sus datos personales, derecho a solicitar su rectificaci\u00f3n o supresi\u00f3n, derecho a solicitar la limitaci\u00f3n de su tratamiento, derecho a oponerse al tratamiento, derecho a la portabilidad de los datos y asimismo, a revocar el consentimiento otorgado. Asimismo, tendr\u00e1 derecho a presentar una reclamaci\u00f3n ante la Agencia Espa\u00f1ola de Protecci\u00f3n de Datos.<span class=\"Apple-converted-space\"> <\/span><\/p><p><strong>6.1. \u00bfC\u00f3mo ejercitar mis derechos?<span class=\"Apple-converted-space\"> <\/span><\/strong><\/p><p>Para ejercer sus derechos, debe dirigirse al responsable, solicitando el correspondiente formulario para el ejercicio del derecho elegido. Opcionalmente, puede acudir a la Autoridad de Control competente para obtener informaci\u00f3n adicional sobre sus derechos. Los datos de contacto para el ejercicio de sus derechos son el tel\u00e9fono 653 841 001 y el correo electr\u00f3nico: foster@foster.cat. Recuerde acompa\u00f1ar una copia de un documento que nos permita identificarle.<\/p><p><strong> <\/strong><\/p><p><strong>7<\/strong> . <strong>CONSENTIMIENTO PARA ENV\u00cdO DE COMUNICACIONES ELECTR\u00d3NICAS<\/strong><\/p><p>Asimismo, y de acuerdo con lo que se establece en la Ley 34\/2002, de 11 de julio, de Servicios de la Sociedad de la Informaci\u00f3n y del Comercio Electr\u00f3nico, completando el formulario de recogida de datos y marcando la correspondiente casilla \u00abAcepto\u00bb est\u00e1 otorgando el consentimiento expreso para enviarle a su direcci\u00f3n de correo electr\u00f3nico, tel\u00e9fono, fax u otro medio electr\u00f3nico en env\u00edo de informaci\u00f3n sobre la Empresa.<\/p>\t\t\t\t\t\t\t\t<\/div>\n\t\t\t\t<\/div>\n\t\t\t\t<div class=\"elementor-element elementor-element-24c2faa elementor-widget elementor-widget-spacer\" data-id=\"24c2faa\" data-element_type=\"widget\" data-e-type=\"widget\" data-widget_type=\"spacer.default\">\n\t\t\t\t<div class=\"elementor-widget-container\">\n\t\t\t\t\t\t\t<div class=\"elementor-spacer\">\n\t\t\t<div class=\"elementor-spacer-inner\"><\/div>\n\t\t<\/div>\n\t\t\t\t\t\t<\/div>\n\t\t\t\t<\/div>\n\t\t\t\t\t<\/div>\n\t\t<\/div>\n\t\t\t\t<div class=\"elementor-column elementor-col-16 elementor-top-column elementor-element elementor-element-2987d70\" data-id=\"2987d70\" data-element_type=\"column\" data-e-type=\"column\">\n\t\t\t<div class=\"elementor-widget-wrap\">\n\t\t\t\t\t\t\t<\/div>\n\t\t<\/div>\n\t\t\t\t\t<\/div>\n\t\t<\/section>\n\t\t\t\t<\/div>\n\t\t","protected":false},"excerpt":{"rendered":"<p>POL\u00cdTICA DE PRIVACIDAD Con el fin de dar cumplimiento al art\u00edculo 10 de la Ley 34\/2002 de Servicios de la Sociedad de la Informaci\u00f3n y Comercio Electr\u00f3nico, informamos al usuario de nuestros datos: Nombre comercial: OLOT BARBERSHOP Domicilio social: PASEO MIQUEL BLAY, 58, OLOT Tel\u00e9fono: 872 091 211 Email: unic@olotbarbershop.com P\u00e1gina web: www.olotbarbershop.com 1. RESPONSABLE [&hellip;]<\/p>\n","protected":false},"author":1,"featured_media":3193,"parent":0,"menu_order":0,"comment_status":"closed","ping_status":"closed","template":"","meta":{"footnotes":""},"class_list":["post-2958","page","type-page","status-publish","has-post-thumbnail","hentry"],"yoast_head":"<!-- This site is optimized with the Yoast SEO plugin v27.5 - https:\/\/yoast.com\/product\/yoast-seo-wordpress\/ -->\n<title>Pol\u00edtica de privacidad - Olot Barbershop<\/title>\n<meta name=\"description\" content=\"Consulta la pol\u00edtica de privacidad de Olot Barbershop y c\u00f3mo protegemos tus datos seg\u00fan la normativa vigente.\" \/>\n<meta name=\"robots\" content=\"index, follow, max-snippet:-1, max-image-preview:large, max-video-preview:-1\" \/>\n<link rel=\"canonical\" href=\"https:\/\/olotbarbershop.com\/es\/politica-de-privacidad\/\" \/>\n<meta property=\"og:locale\" content=\"es_ES\" \/>\n<meta property=\"og:type\" content=\"article\" \/>\n<meta property=\"og:title\" content=\"Pol\u00edtica de privacidad - Olot Barbershop\" \/>\n<meta property=\"og:description\" content=\"Consulta la pol\u00edtica de privacidad de Olot Barbershop y c\u00f3mo protegemos tus datos seg\u00fan la normativa vigente.\" \/>\n<meta property=\"og:url\" content=\"https:\/\/olotbarbershop.com\/es\/politica-de-privacidad\/\" \/>\n<meta property=\"og:site_name\" content=\"Olot Barbershop\" \/>\n<meta property=\"article:modified_time\" content=\"2025-04-10T11:44:27+00:00\" \/>\n<meta property=\"og:image\" content=\"https:\/\/olotbarbershop.com\/wp-content\/uploads\/2024\/10\/logo600.webp\" \/>\n\t<meta property=\"og:image:width\" content=\"600\" \/>\n\t<meta property=\"og:image:height\" content=\"738\" \/>\n\t<meta property=\"og:image:type\" content=\"image\/webp\" \/>\n<meta name=\"twitter:card\" content=\"summary_large_image\" \/>\n<meta name=\"twitter:label1\" content=\"Tiempo de lectura\" \/>\n\t<meta name=\"twitter:data1\" content=\"5 minutos\" \/>\n<script type=\"application\/ld+json\" class=\"yoast-schema-graph\">{\"@context\":\"https:\\\/\\\/schema.org\",\"@graph\":[{\"@type\":\"WebPage\",\"@id\":\"https:\\\/\\\/olotbarbershop.com\\\/es\\\/politica-de-privacidad\\\/\",\"url\":\"https:\\\/\\\/olotbarbershop.com\\\/es\\\/politica-de-privacidad\\\/\",\"name\":\"Pol\u00edtica de privacidad - Olot Barbershop\",\"isPartOf\":{\"@id\":\"https:\\\/\\\/olotbarbershop.com\\\/es\\\/#website\"},\"primaryImageOfPage\":{\"@id\":\"https:\\\/\\\/olotbarbershop.com\\\/es\\\/politica-de-privacidad\\\/#primaryimage\"},\"image\":{\"@id\":\"https:\\\/\\\/olotbarbershop.com\\\/es\\\/politica-de-privacidad\\\/#primaryimage\"},\"thumbnailUrl\":\"https:\\\/\\\/olotbarbershop.com\\\/wp-content\\\/uploads\\\/2024\\\/10\\\/logo600.webp\",\"datePublished\":\"2024-05-15T08:16:08+00:00\",\"dateModified\":\"2025-04-10T11:44:27+00:00\",\"description\":\"Consulta la pol\u00edtica de privacidad de Olot Barbershop y c\u00f3mo protegemos tus datos seg\u00fan la normativa vigente.\",\"breadcrumb\":{\"@id\":\"https:\\\/\\\/olotbarbershop.com\\\/es\\\/politica-de-privacidad\\\/#breadcrumb\"},\"inLanguage\":\"es\",\"potentialAction\":[{\"@type\":\"ReadAction\",\"target\":[\"https:\\\/\\\/olotbarbershop.com\\\/es\\\/politica-de-privacidad\\\/\"]}]},{\"@type\":\"ImageObject\",\"inLanguage\":\"es\",\"@id\":\"https:\\\/\\\/olotbarbershop.com\\\/es\\\/politica-de-privacidad\\\/#primaryimage\",\"url\":\"https:\\\/\\\/olotbarbershop.com\\\/wp-content\\\/uploads\\\/2024\\\/10\\\/logo600.webp\",\"contentUrl\":\"https:\\\/\\\/olotbarbershop.com\\\/wp-content\\\/uploads\\\/2024\\\/10\\\/logo600.webp\",\"width\":600,\"height\":738,\"caption\":\"El gegant d'Olot forma part del logotip d'Olot Barbershop\"},{\"@type\":\"BreadcrumbList\",\"@id\":\"https:\\\/\\\/olotbarbershop.com\\\/es\\\/politica-de-privacidad\\\/#breadcrumb\",\"itemListElement\":[{\"@type\":\"ListItem\",\"position\":1,\"name\":\"Inici\",\"item\":\"https:\\\/\\\/olotbarbershop.com\\\/es\\\/inicio\\\/\"},{\"@type\":\"ListItem\",\"position\":2,\"name\":\"Pol\u00edtica de privacidad\"}]},{\"@type\":\"WebSite\",\"@id\":\"https:\\\/\\\/olotbarbershop.com\\\/es\\\/#website\",\"url\":\"https:\\\/\\\/olotbarbershop.com\\\/es\\\/\",\"name\":\"Olot Barbershop\",\"description\":\"La Teva Barberia d&#039;Olot, amb un toc \u00fanic\",\"publisher\":{\"@id\":\"https:\\\/\\\/olotbarbershop.com\\\/es\\\/#organization\"},\"potentialAction\":[{\"@type\":\"SearchAction\",\"target\":{\"@type\":\"EntryPoint\",\"urlTemplate\":\"https:\\\/\\\/olotbarbershop.com\\\/es\\\/?s={search_term_string}\"},\"query-input\":{\"@type\":\"PropertyValueSpecification\",\"valueRequired\":true,\"valueName\":\"search_term_string\"}}],\"inLanguage\":\"es\"},{\"@type\":\"Organization\",\"@id\":\"https:\\\/\\\/olotbarbershop.com\\\/es\\\/#organization\",\"name\":\"Olot Barbershop\",\"url\":\"https:\\\/\\\/olotbarbershop.com\\\/es\\\/\",\"logo\":{\"@type\":\"ImageObject\",\"inLanguage\":\"es\",\"@id\":\"https:\\\/\\\/olotbarbershop.com\\\/es\\\/#\\\/schema\\\/logo\\\/image\\\/\",\"url\":\"https:\\\/\\\/olotbarbershop.com\\\/wp-content\\\/uploads\\\/2022\\\/04\\\/logo600.png\",\"contentUrl\":\"https:\\\/\\\/olotbarbershop.com\\\/wp-content\\\/uploads\\\/2022\\\/04\\\/logo600.png\",\"width\":600,\"height\":738,\"caption\":\"Olot Barbershop\"},\"image\":{\"@id\":\"https:\\\/\\\/olotbarbershop.com\\\/es\\\/#\\\/schema\\\/logo\\\/image\\\/\"},\"sameAs\":[\"https:\\\/\\\/www.instagram.com\\\/olotbarbershop\\\/\"]}]}<\/script>\n<!-- \/ Yoast SEO plugin. -->","yoast_head_json":{"title":"Pol\u00edtica de privacidad - Olot Barbershop","description":"Consulta la pol\u00edtica de privacidad de Olot Barbershop y c\u00f3mo protegemos tus datos seg\u00fan la normativa vigente.","robots":{"index":"index","follow":"follow","max-snippet":"max-snippet:-1","max-image-preview":"max-image-preview:large","max-video-preview":"max-video-preview:-1"},"canonical":"https:\/\/olotbarbershop.com\/es\/politica-de-privacidad\/","og_locale":"es_ES","og_type":"article","og_title":"Pol\u00edtica de privacidad - Olot Barbershop","og_description":"Consulta la pol\u00edtica de privacidad de Olot Barbershop y c\u00f3mo protegemos tus datos seg\u00fan la normativa vigente.","og_url":"https:\/\/olotbarbershop.com\/es\/politica-de-privacidad\/","og_site_name":"Olot Barbershop","article_modified_time":"2025-04-10T11:44:27+00:00","og_image":[{"width":600,"height":738,"url":"https:\/\/olotbarbershop.com\/wp-content\/uploads\/2024\/10\/logo600.webp","type":"image\/webp"}],"twitter_card":"summary_large_image","twitter_misc":{"Tiempo de lectura":"5 minutos"},"schema":{"@context":"https:\/\/schema.org","@graph":[{"@type":"WebPage","@id":"https:\/\/olotbarbershop.com\/es\/politica-de-privacidad\/","url":"https:\/\/olotbarbershop.com\/es\/politica-de-privacidad\/","name":"Pol\u00edtica de privacidad - Olot Barbershop","isPartOf":{"@id":"https:\/\/olotbarbershop.com\/es\/#website"},"primaryImageOfPage":{"@id":"https:\/\/olotbarbershop.com\/es\/politica-de-privacidad\/#primaryimage"},"image":{"@id":"https:\/\/olotbarbershop.com\/es\/politica-de-privacidad\/#primaryimage"},"thumbnailUrl":"https:\/\/olotbarbershop.com\/wp-content\/uploads\/2024\/10\/logo600.webp","datePublished":"2024-05-15T08:16:08+00:00","dateModified":"2025-04-10T11:44:27+00:00","description":"Consulta la pol\u00edtica de privacidad de Olot Barbershop y c\u00f3mo protegemos tus datos seg\u00fan la normativa vigente.","breadcrumb":{"@id":"https:\/\/olotbarbershop.com\/es\/politica-de-privacidad\/#breadcrumb"},"inLanguage":"es","potentialAction":[{"@type":"ReadAction","target":["https:\/\/olotbarbershop.com\/es\/politica-de-privacidad\/"]}]},{"@type":"ImageObject","inLanguage":"es","@id":"https:\/\/olotbarbershop.com\/es\/politica-de-privacidad\/#primaryimage","url":"https:\/\/olotbarbershop.com\/wp-content\/uploads\/2024\/10\/logo600.webp","contentUrl":"https:\/\/olotbarbershop.com\/wp-content\/uploads\/2024\/10\/logo600.webp","width":600,"height":738,"caption":"El gegant d'Olot forma part del logotip d'Olot Barbershop"},{"@type":"BreadcrumbList","@id":"https:\/\/olotbarbershop.com\/es\/politica-de-privacidad\/#breadcrumb","itemListElement":[{"@type":"ListItem","position":1,"name":"Inici","item":"https:\/\/olotbarbershop.com\/es\/inicio\/"},{"@type":"ListItem","position":2,"name":"Pol\u00edtica de privacidad"}]},{"@type":"WebSite","@id":"https:\/\/olotbarbershop.com\/es\/#website","url":"https:\/\/olotbarbershop.com\/es\/","name":"Olot Barbershop","description":"La Teva Barberia d&#039;Olot, amb un toc \u00fanic","publisher":{"@id":"https:\/\/olotbarbershop.com\/es\/#organization"},"potentialAction":[{"@type":"SearchAction","target":{"@type":"EntryPoint","urlTemplate":"https:\/\/olotbarbershop.com\/es\/?s={search_term_string}"},"query-input":{"@type":"PropertyValueSpecification","valueRequired":true,"valueName":"search_term_string"}}],"inLanguage":"es"},{"@type":"Organization","@id":"https:\/\/olotbarbershop.com\/es\/#organization","name":"Olot Barbershop","url":"https:\/\/olotbarbershop.com\/es\/","logo":{"@type":"ImageObject","inLanguage":"es","@id":"https:\/\/olotbarbershop.com\/es\/#\/schema\/logo\/image\/","url":"https:\/\/olotbarbershop.com\/wp-content\/uploads\/2022\/04\/logo600.png","contentUrl":"https:\/\/olotbarbershop.com\/wp-content\/uploads\/2022\/04\/logo600.png","width":600,"height":738,"caption":"Olot Barbershop"},"image":{"@id":"https:\/\/olotbarbershop.com\/es\/#\/schema\/logo\/image\/"},"sameAs":["https:\/\/www.instagram.com\/olotbarbershop\/"]}]}},"_links":{"self":[{"href":"https:\/\/olotbarbershop.com\/es\/wp-json\/wp\/v2\/pages\/2958","targetHints":{"allow":["GET"]}}],"collection":[{"href":"https:\/\/olotbarbershop.com\/es\/wp-json\/wp\/v2\/pages"}],"about":[{"href":"https:\/\/olotbarbershop.com\/es\/wp-json\/wp\/v2\/types\/page"}],"author":[{"embeddable":true,"href":"https:\/\/olotbarbershop.com\/es\/wp-json\/wp\/v2\/users\/1"}],"replies":[{"embeddable":true,"href":"https:\/\/olotbarbershop.com\/es\/wp-json\/wp\/v2\/comments?post=2958"}],"version-history":[{"count":5,"href":"https:\/\/olotbarbershop.com\/es\/wp-json\/wp\/v2\/pages\/2958\/revisions"}],"predecessor-version":[{"id":3250,"href":"https:\/\/olotbarbershop.com\/es\/wp-json\/wp\/v2\/pages\/2958\/revisions\/3250"}],"wp:featuredmedia":[{"embeddable":true,"href":"https:\/\/olotbarbershop.com\/es\/wp-json\/wp\/v2\/media\/3193"}],"wp:attachment":[{"href":"https:\/\/olotbarbershop.com\/es\/wp-json\/wp\/v2\/media?parent=2958"}],"curies":[{"name":"wp","href":"https:\/\/api.w.org\/{rel}","templated":true}]}}