{"id":2926,"date":"2022-03-05T22:48:41","date_gmt":"2022-03-05T21:48:41","guid":{"rendered":"https:\/\/olotbarbershop.com\/tienda\/"},"modified":"2025-04-10T13:14:19","modified_gmt":"2025-04-10T11:14:19","slug":"tienda","status":"publish","type":"page","link":"https:\/\/olotbarbershop.com\/es\/tienda\/","title":{"rendered":"Tienda"},"content":{"rendered":"","protected":false},"excerpt":{"rendered":"","protected":false},"author":1,"featured_media":3193,"parent":0,"menu_order":0,"comment_status":"closed","ping_status":"closed","template":"","meta":{"footnotes":""},"class_list":["post-2926","page","type-page","status-publish","has-post-thumbnail","hentry"],"yoast_head":"<!-- This site is optimized with the Yoast SEO plugin v27.5 - https:\/\/yoast.com\/product\/yoast-seo-wordpress\/ -->\n<title>Reserva barber\u00eda Olot - Olot Barbershop<\/title>\n<meta name=\"description\" content=\"Reserva f\u00e1cilmente en nuestra barber\u00eda en Olot. Cortes, afeitados y combos exclusivos. Elige tu servicio y realiza tu reserva online.\" \/>\n<meta name=\"robots\" content=\"index, follow, max-snippet:-1, max-image-preview:large, max-video-preview:-1\" \/>\n<link rel=\"canonical\" href=\"https:\/\/olotbarbershop.com\/es\/tienda\/\" \/>\n<meta property=\"og:locale\" content=\"es_ES\" \/>\n<meta property=\"og:type\" content=\"article\" \/>\n<meta property=\"og:title\" content=\"Reserva barber\u00eda Olot - Olot Barbershop\" \/>\n<meta property=\"og:description\" content=\"Reserva f\u00e1cilmente en nuestra barber\u00eda en Olot. Cortes, afeitados y combos exclusivos. Elige tu servicio y realiza tu reserva online.\" \/>\n<meta property=\"og:url\" content=\"https:\/\/olotbarbershop.com\/es\/tienda\/\" \/>\n<meta property=\"og:site_name\" content=\"Olot Barbershop\" \/>\n<meta property=\"article:modified_time\" content=\"2025-04-10T11:14:19+00:00\" \/>\n<meta property=\"og:image\" content=\"https:\/\/olotbarbershop.com\/wp-content\/uploads\/2024\/10\/logo600.webp\" \/>\n\t<meta property=\"og:image:width\" content=\"600\" \/>\n\t<meta property=\"og:image:height\" content=\"738\" \/>\n\t<meta property=\"og:image:type\" content=\"image\/webp\" \/>\n<meta name=\"twitter:card\" content=\"summary_large_image\" \/>\n<script type=\"application\/ld+json\" class=\"yoast-schema-graph\">{\"@context\":\"https:\\\/\\\/schema.org\",\"@graph\":[{\"@type\":\"WebPage\",\"@id\":\"https:\\\/\\\/olotbarbershop.com\\\/es\\\/tienda\\\/\",\"url\":\"https:\\\/\\\/olotbarbershop.com\\\/es\\\/tienda\\\/\",\"name\":\"Reserva barber\u00eda Olot - Olot Barbershop\",\"isPartOf\":{\"@id\":\"https:\\\/\\\/olotbarbershop.com\\\/es\\\/#website\"},\"primaryImageOfPage\":{\"@id\":\"https:\\\/\\\/olotbarbershop.com\\\/es\\\/tienda\\\/#primaryimage\"},\"image\":{\"@id\":\"https:\\\/\\\/olotbarbershop.com\\\/es\\\/tienda\\\/#primaryimage\"},\"thumbnailUrl\":\"https:\\\/\\\/olotbarbershop.com\\\/wp-content\\\/uploads\\\/2024\\\/10\\\/logo600.webp\",\"datePublished\":\"2022-03-05T21:48:41+00:00\",\"dateModified\":\"2025-04-10T11:14:19+00:00\",\"description\":\"Reserva f\u00e1cilmente en nuestra barber\u00eda en Olot. Cortes, afeitados y combos exclusivos. Elige tu servicio y realiza tu reserva online.\",\"breadcrumb\":{\"@id\":\"https:\\\/\\\/olotbarbershop.com\\\/es\\\/tienda\\\/#breadcrumb\"},\"inLanguage\":\"es\",\"potentialAction\":[{\"@type\":\"ReadAction\",\"target\":[\"https:\\\/\\\/olotbarbershop.com\\\/es\\\/tienda\\\/\"]}]},{\"@type\":\"ImageObject\",\"inLanguage\":\"es\",\"@id\":\"https:\\\/\\\/olotbarbershop.com\\\/es\\\/tienda\\\/#primaryimage\",\"url\":\"https:\\\/\\\/olotbarbershop.com\\\/wp-content\\\/uploads\\\/2024\\\/10\\\/logo600.webp\",\"contentUrl\":\"https:\\\/\\\/olotbarbershop.com\\\/wp-content\\\/uploads\\\/2024\\\/10\\\/logo600.webp\",\"width\":600,\"height\":738,\"caption\":\"El gegant d'Olot forma part del logotip d'Olot Barbershop\"},{\"@type\":\"BreadcrumbList\",\"@id\":\"https:\\\/\\\/olotbarbershop.com\\\/es\\\/tienda\\\/#breadcrumb\",\"itemListElement\":[{\"@type\":\"ListItem\",\"position\":1,\"name\":\"Inici\",\"item\":\"https:\\\/\\\/olotbarbershop.com\\\/es\\\/inicio\\\/\"},{\"@type\":\"ListItem\",\"position\":2,\"name\":\"Tienda\"}]},{\"@type\":\"WebSite\",\"@id\":\"https:\\\/\\\/olotbarbershop.com\\\/es\\\/#website\",\"url\":\"https:\\\/\\\/olotbarbershop.com\\\/es\\\/\",\"name\":\"Olot Barbershop\",\"description\":\"La Teva Barberia d&#039;Olot, amb un toc \u00fanic\",\"publisher\":{\"@id\":\"https:\\\/\\\/olotbarbershop.com\\\/es\\\/#organization\"},\"potentialAction\":[{\"@type\":\"SearchAction\",\"target\":{\"@type\":\"EntryPoint\",\"urlTemplate\":\"https:\\\/\\\/olotbarbershop.com\\\/es\\\/?s={search_term_string}\"},\"query-input\":{\"@type\":\"PropertyValueSpecification\",\"valueRequired\":true,\"valueName\":\"search_term_string\"}}],\"inLanguage\":\"es\"},{\"@type\":\"Organization\",\"@id\":\"https:\\\/\\\/olotbarbershop.com\\\/es\\\/#organization\",\"name\":\"Olot Barbershop\",\"url\":\"https:\\\/\\\/olotbarbershop.com\\\/es\\\/\",\"logo\":{\"@type\":\"ImageObject\",\"inLanguage\":\"es\",\"@id\":\"https:\\\/\\\/olotbarbershop.com\\\/es\\\/#\\\/schema\\\/logo\\\/image\\\/\",\"url\":\"https:\\\/\\\/olotbarbershop.com\\\/wp-content\\\/uploads\\\/2022\\\/04\\\/logo600.png\",\"contentUrl\":\"https:\\\/\\\/olotbarbershop.com\\\/wp-content\\\/uploads\\\/2022\\\/04\\\/logo600.png\",\"width\":600,\"height\":738,\"caption\":\"Olot Barbershop\"},\"image\":{\"@id\":\"https:\\\/\\\/olotbarbershop.com\\\/es\\\/#\\\/schema\\\/logo\\\/image\\\/\"},\"sameAs\":[\"https:\\\/\\\/www.instagram.com\\\/olotbarbershop\\\/\"]}]}<\/script>\n<!-- \/ Yoast SEO plugin. -->","yoast_head_json":{"title":"Reserva barber\u00eda Olot - Olot Barbershop","description":"Reserva f\u00e1cilmente en nuestra barber\u00eda en Olot. Cortes, afeitados y combos exclusivos. Elige tu servicio y realiza tu reserva online.","robots":{"index":"index","follow":"follow","max-snippet":"max-snippet:-1","max-image-preview":"max-image-preview:large","max-video-preview":"max-video-preview:-1"},"canonical":"https:\/\/olotbarbershop.com\/es\/tienda\/","og_locale":"es_ES","og_type":"article","og_title":"Reserva barber\u00eda Olot - Olot Barbershop","og_description":"Reserva f\u00e1cilmente en nuestra barber\u00eda en Olot. Cortes, afeitados y combos exclusivos. Elige tu servicio y realiza tu reserva online.","og_url":"https:\/\/olotbarbershop.com\/es\/tienda\/","og_site_name":"Olot Barbershop","article_modified_time":"2025-04-10T11:14:19+00:00","og_image":[{"width":600,"height":738,"url":"https:\/\/olotbarbershop.com\/wp-content\/uploads\/2024\/10\/logo600.webp","type":"image\/webp"}],"twitter_card":"summary_large_image","schema":{"@context":"https:\/\/schema.org","@graph":[{"@type":"WebPage","@id":"https:\/\/olotbarbershop.com\/es\/tienda\/","url":"https:\/\/olotbarbershop.com\/es\/tienda\/","name":"Reserva barber\u00eda Olot - Olot Barbershop","isPartOf":{"@id":"https:\/\/olotbarbershop.com\/es\/#website"},"primaryImageOfPage":{"@id":"https:\/\/olotbarbershop.com\/es\/tienda\/#primaryimage"},"image":{"@id":"https:\/\/olotbarbershop.com\/es\/tienda\/#primaryimage"},"thumbnailUrl":"https:\/\/olotbarbershop.com\/wp-content\/uploads\/2024\/10\/logo600.webp","datePublished":"2022-03-05T21:48:41+00:00","dateModified":"2025-04-10T11:14:19+00:00","description":"Reserva f\u00e1cilmente en nuestra barber\u00eda en Olot. Cortes, afeitados y combos exclusivos. Elige tu servicio y realiza tu reserva online.","breadcrumb":{"@id":"https:\/\/olotbarbershop.com\/es\/tienda\/#breadcrumb"},"inLanguage":"es","potentialAction":[{"@type":"ReadAction","target":["https:\/\/olotbarbershop.com\/es\/tienda\/"]}]},{"@type":"ImageObject","inLanguage":"es","@id":"https:\/\/olotbarbershop.com\/es\/tienda\/#primaryimage","url":"https:\/\/olotbarbershop.com\/wp-content\/uploads\/2024\/10\/logo600.webp","contentUrl":"https:\/\/olotbarbershop.com\/wp-content\/uploads\/2024\/10\/logo600.webp","width":600,"height":738,"caption":"El gegant d'Olot forma part del logotip d'Olot Barbershop"},{"@type":"BreadcrumbList","@id":"https:\/\/olotbarbershop.com\/es\/tienda\/#breadcrumb","itemListElement":[{"@type":"ListItem","position":1,"name":"Inici","item":"https:\/\/olotbarbershop.com\/es\/inicio\/"},{"@type":"ListItem","position":2,"name":"Tienda"}]},{"@type":"WebSite","@id":"https:\/\/olotbarbershop.com\/es\/#website","url":"https:\/\/olotbarbershop.com\/es\/","name":"Olot Barbershop","description":"La Teva Barberia d&#039;Olot, amb un toc \u00fanic","publisher":{"@id":"https:\/\/olotbarbershop.com\/es\/#organization"},"potentialAction":[{"@type":"SearchAction","target":{"@type":"EntryPoint","urlTemplate":"https:\/\/olotbarbershop.com\/es\/?s={search_term_string}"},"query-input":{"@type":"PropertyValueSpecification","valueRequired":true,"valueName":"search_term_string"}}],"inLanguage":"es"},{"@type":"Organization","@id":"https:\/\/olotbarbershop.com\/es\/#organization","name":"Olot Barbershop","url":"https:\/\/olotbarbershop.com\/es\/","logo":{"@type":"ImageObject","inLanguage":"es","@id":"https:\/\/olotbarbershop.com\/es\/#\/schema\/logo\/image\/","url":"https:\/\/olotbarbershop.com\/wp-content\/uploads\/2022\/04\/logo600.png","contentUrl":"https:\/\/olotbarbershop.com\/wp-content\/uploads\/2022\/04\/logo600.png","width":600,"height":738,"caption":"Olot Barbershop"},"image":{"@id":"https:\/\/olotbarbershop.com\/es\/#\/schema\/logo\/image\/"},"sameAs":["https:\/\/www.instagram.com\/olotbarbershop\/"]}]}},"_links":{"self":[{"href":"https:\/\/olotbarbershop.com\/es\/wp-json\/wp\/v2\/pages\/2926","targetHints":{"allow":["GET"]}}],"collection":[{"href":"https:\/\/olotbarbershop.com\/es\/wp-json\/wp\/v2\/pages"}],"about":[{"href":"https:\/\/olotbarbershop.com\/es\/wp-json\/wp\/v2\/types\/page"}],"author":[{"embeddable":true,"href":"https:\/\/olotbarbershop.com\/es\/wp-json\/wp\/v2\/users\/1"}],"replies":[{"embeddable":true,"href":"https:\/\/olotbarbershop.com\/es\/wp-json\/wp\/v2\/comments?post=2926"}],"version-history":[{"count":1,"href":"https:\/\/olotbarbershop.com\/es\/wp-json\/wp\/v2\/pages\/2926\/revisions"}],"predecessor-version":[{"id":2929,"href":"https:\/\/olotbarbershop.com\/es\/wp-json\/wp\/v2\/pages\/2926\/revisions\/2929"}],"wp:featuredmedia":[{"embeddable":true,"href":"https:\/\/olotbarbershop.com\/es\/wp-json\/wp\/v2\/media\/3193"}],"wp:attachment":[{"href":"https:\/\/olotbarbershop.com\/es\/wp-json\/wp\/v2\/media?parent=2926"}],"curies":[{"name":"wp","href":"https:\/\/api.w.org\/{rel}","templated":true}]}}